{"id":4882,"date":"2022-04-06T07:27:35","date_gmt":"2022-04-06T07:27:35","guid":{"rendered":"https:\/\/quesada.aquitania.net\/nova-pagina-inici\/"},"modified":"2022-04-06T07:27:35","modified_gmt":"2022-04-06T07:27:35","slug":"nova-pagina-inici","status":"publish","type":"page","link":"https:\/\/quesada.aquitania.net\/de\/","title":{"rendered":"Nova P\u00e0gina Inici"},"content":{"rendered":"\n<h1>Aquitania \u00e9s una antiga nau industrial, plena de llum, mobles, decoraci\u00f3, tactes i olors; per\u00f2, sobretot, \u00e9s una manera d\u2019entendre la vida.<\/h1>\n\n\n\n<p><\/p>\n","protected":false},"excerpt":{"rendered":"<p>Aquitania \u00e9s una antiga nau industrial, plena de llum, mobles, decoraci\u00f3, tactes i olors; per\u00f2, sobretot, \u00e9s una manera d\u2019entendre la vida.<\/p>\n","protected":false},"author":1,"featured_media":0,"parent":0,"menu_order":0,"comment_status":"closed","ping_status":"closed","template":"template-new-home.php","meta":[],"categories":[],"tags":[],"acf":[],"_links":{"self":[{"href":"https:\/\/quesada.aquitania.net\/de\/wp-json\/wp\/v2\/pages\/4882"}],"collection":[{"href":"https:\/\/quesada.aquitania.net\/de\/wp-json\/wp\/v2\/pages"}],"about":[{"href":"https:\/\/quesada.aquitania.net\/de\/wp-json\/wp\/v2\/types\/page"}],"author":[{"embeddable":true,"href":"https:\/\/quesada.aquitania.net\/de\/wp-json\/wp\/v2\/users\/1"}],"replies":[{"embeddable":true,"href":"https:\/\/quesada.aquitania.net\/de\/wp-json\/wp\/v2\/comments?post=4882"}],"version-history":[{"count":0,"href":"https:\/\/quesada.aquitania.net\/de\/wp-json\/wp\/v2\/pages\/4882\/revisions"}],"wp:attachment":[{"href":"https:\/\/quesada.aquitania.net\/de\/wp-json\/wp\/v2\/media?parent=4882"}],"wp:term":[{"taxonomy":"category","embeddable":true,"href":"https:\/\/quesada.aquitania.net\/de\/wp-json\/wp\/v2\/categories?post=4882"},{"taxonomy":"post_tag","embeddable":true,"href":"https:\/\/quesada.aquitania.net\/de\/wp-json\/wp\/v2\/tags?post=4882"}],"curies":[{"name":"wp","href":"https:\/\/api.w.org\/{rel}","templated":true}]}}