{"id":1752,"date":"2018-11-23T18:06:08","date_gmt":"2018-11-23T18:06:08","guid":{"rendered":"https:\/\/www.aquitania.net\/avis-legal\/"},"modified":"2022-04-21T07:53:37","modified_gmt":"2022-04-21T07:53:37","slug":"avis-legal","status":"publish","type":"page","link":"https:\/\/quesada.aquitania.net\/fr\/avis-legal\/","title":{"rendered":"Mentions l\u00e9gales"},"content":{"rendered":"\n<p>En cumplimiento de la Ley 34\/2002, de 11 de julio, de Servicios de la Sociedad de la Informaci\u00f3n y de Comercio Electr\u00f3nico, el presente documento constituye el Aviso Legal de la p\u00e1gina web que se encuentra ubicada en la URL https:\/\/www.aquitania.net (en adelante, el \u201cSitio Web\u201d).<\/p>\n\n\n\n<p>El Sitio Web es titularidad de AQUITANIA MOBLES SL, con CIF B57243867 y domicilio social sito en AV. CAP DE CAVALLERIA,7 07714, MAO (ILLES BALEARS).<\/p>\n\n\n\n<p>Para contactar con el Titular del Sitio Web, el usuario puede hacerlo a trav\u00e9s de la direcci\u00f3n de correo electr\u00f3nico aquitania@aquitania.net.<\/p>\n","protected":false},"excerpt":{"rendered":"<p>En cumplimiento de la Ley 34\/2002, de 11 de julio, de Servicios de la Sociedad de la Informaci\u00f3n y de Comercio Electr\u00f3nico, el presente documento constituye el Aviso Legal de la p\u00e1gina web que se encuentra ubicada en la URL https:\/\/www.aquitania.net (en adelante, el \u201cSitio Web\u201d). El Sitio Web es titularidad de AQUITANIA MOBLES SL, [&hellip;]<\/p>\n","protected":false},"author":1,"featured_media":0,"parent":0,"menu_order":0,"comment_status":"closed","ping_status":"closed","template":"","meta":[],"categories":[],"tags":[],"acf":[],"_links":{"self":[{"href":"https:\/\/quesada.aquitania.net\/fr\/wp-json\/wp\/v2\/pages\/1752"}],"collection":[{"href":"https:\/\/quesada.aquitania.net\/fr\/wp-json\/wp\/v2\/pages"}],"about":[{"href":"https:\/\/quesada.aquitania.net\/fr\/wp-json\/wp\/v2\/types\/page"}],"author":[{"embeddable":true,"href":"https:\/\/quesada.aquitania.net\/fr\/wp-json\/wp\/v2\/users\/1"}],"replies":[{"embeddable":true,"href":"https:\/\/quesada.aquitania.net\/fr\/wp-json\/wp\/v2\/comments?post=1752"}],"version-history":[{"count":3,"href":"https:\/\/quesada.aquitania.net\/fr\/wp-json\/wp\/v2\/pages\/1752\/revisions"}],"predecessor-version":[{"id":2371,"href":"https:\/\/quesada.aquitania.net\/fr\/wp-json\/wp\/v2\/pages\/1752\/revisions\/2371"}],"wp:attachment":[{"href":"https:\/\/quesada.aquitania.net\/fr\/wp-json\/wp\/v2\/media?parent=1752"}],"wp:term":[{"taxonomy":"category","embeddable":true,"href":"https:\/\/quesada.aquitania.net\/fr\/wp-json\/wp\/v2\/categories?post=1752"},{"taxonomy":"post_tag","embeddable":true,"href":"https:\/\/quesada.aquitania.net\/fr\/wp-json\/wp\/v2\/tags?post=1752"}],"curies":[{"name":"wp","href":"https:\/\/api.w.org\/{rel}","templated":true}]}}