{"id":1761,"date":"2022-04-11T19:13:43","date_gmt":"2022-04-11T19:13:43","guid":{"rendered":"https:\/\/www.aquitania.net\/eivissa\/contacte\/"},"modified":"2023-07-13T14:34:32","modified_gmt":"2023-07-13T14:34:32","slug":"contacte","status":"publish","type":"page","link":"https:\/\/quesada.aquitania.net\/fr\/contacte\/","title":{"rendered":"Contact"},"content":{"rendered":"\n<p>Si vous voulez nous faire part d\u2019un commentaire ou nous consulter, n\u2019h\u00e9sitez pas \u00e0 nos contacter ou \u00e0 vous rendre dans nos magasins.. <\/p>\n","protected":false},"excerpt":{"rendered":"<p>Si vous voulez nous faire part d\u2019un commentaire ou nous consulter, n\u2019h\u00e9sitez pas \u00e0 nos contacter ou \u00e0 vous rendre dans nos magasins..<\/p>\n","protected":false},"author":1,"featured_media":0,"parent":0,"menu_order":0,"comment_status":"closed","ping_status":"closed","template":"template-contacte-eivissa.php","meta":[],"categories":[10],"tags":[],"acf":[],"_links":{"self":[{"href":"https:\/\/quesada.aquitania.net\/fr\/wp-json\/wp\/v2\/pages\/1761"}],"collection":[{"href":"https:\/\/quesada.aquitania.net\/fr\/wp-json\/wp\/v2\/pages"}],"about":[{"href":"https:\/\/quesada.aquitania.net\/fr\/wp-json\/wp\/v2\/types\/page"}],"author":[{"embeddable":true,"href":"https:\/\/quesada.aquitania.net\/fr\/wp-json\/wp\/v2\/users\/1"}],"replies":[{"embeddable":true,"href":"https:\/\/quesada.aquitania.net\/fr\/wp-json\/wp\/v2\/comments?post=1761"}],"version-history":[{"count":9,"href":"https:\/\/quesada.aquitania.net\/fr\/wp-json\/wp\/v2\/pages\/1761\/revisions"}],"predecessor-version":[{"id":4932,"href":"https:\/\/quesada.aquitania.net\/fr\/wp-json\/wp\/v2\/pages\/1761\/revisions\/4932"}],"wp:attachment":[{"href":"https:\/\/quesada.aquitania.net\/fr\/wp-json\/wp\/v2\/media?parent=1761"}],"wp:term":[{"taxonomy":"category","embeddable":true,"href":"https:\/\/quesada.aquitania.net\/fr\/wp-json\/wp\/v2\/categories?post=1761"},{"taxonomy":"post_tag","embeddable":true,"href":"https:\/\/quesada.aquitania.net\/fr\/wp-json\/wp\/v2\/tags?post=1761"}],"curies":[{"name":"wp","href":"https:\/\/api.w.org\/{rel}","templated":true}]}}