{"id":1776,"date":"2018-11-22T21:12:19","date_gmt":"2018-11-22T21:12:19","guid":{"rendered":"https:\/\/www.aquitania.net\/menorca\/contacte\/"},"modified":"2022-04-27T18:30:17","modified_gmt":"2022-04-27T18:30:17","slug":"contacte","status":"publish","type":"page","link":"https:\/\/quesada.aquitania.net\/fr\/menorca\/contacte\/","title":{"rendered":"Contact"},"content":{"rendered":"\n<p>Si vous avez des commentaires ou des questions que vous aimeriez nous faire parvenir, n\u2019h\u00e9sitez pas \u00e0 nous contacter ou \u00e0 nous rendre visite dans nos magasins.<\/p>\n","protected":false},"excerpt":{"rendered":"<p>Si vous avez des commentaires ou des questions que vous aimeriez nous faire parvenir, n\u2019h\u00e9sitez pas \u00e0 nous contacter ou \u00e0 nous rendre visite dans nos magasins.<\/p>\n","protected":false},"author":1,"featured_media":0,"parent":3015,"menu_order":0,"comment_status":"closed","ping_status":"closed","template":"template-contacte-menorca.php","meta":[],"categories":[16],"tags":[],"acf":[],"_links":{"self":[{"href":"https:\/\/quesada.aquitania.net\/fr\/wp-json\/wp\/v2\/pages\/1776"}],"collection":[{"href":"https:\/\/quesada.aquitania.net\/fr\/wp-json\/wp\/v2\/pages"}],"about":[{"href":"https:\/\/quesada.aquitania.net\/fr\/wp-json\/wp\/v2\/types\/page"}],"author":[{"embeddable":true,"href":"https:\/\/quesada.aquitania.net\/fr\/wp-json\/wp\/v2\/users\/1"}],"replies":[{"embeddable":true,"href":"https:\/\/quesada.aquitania.net\/fr\/wp-json\/wp\/v2\/comments?post=1776"}],"version-history":[{"count":9,"href":"https:\/\/quesada.aquitania.net\/fr\/wp-json\/wp\/v2\/pages\/1776\/revisions"}],"predecessor-version":[{"id":2991,"href":"https:\/\/quesada.aquitania.net\/fr\/wp-json\/wp\/v2\/pages\/1776\/revisions\/2991"}],"up":[{"embeddable":true,"href":"https:\/\/quesada.aquitania.net\/fr\/wp-json\/wp\/v2\/pages\/3015"}],"wp:attachment":[{"href":"https:\/\/quesada.aquitania.net\/fr\/wp-json\/wp\/v2\/media?parent=1776"}],"wp:term":[{"taxonomy":"category","embeddable":true,"href":"https:\/\/quesada.aquitania.net\/fr\/wp-json\/wp\/v2\/categories?post=1776"},{"taxonomy":"post_tag","embeddable":true,"href":"https:\/\/quesada.aquitania.net\/fr\/wp-json\/wp\/v2\/tags?post=1776"}],"curies":[{"name":"wp","href":"https:\/\/api.w.org\/{rel}","templated":true}]}}