{"id":1788,"date":"2018-11-23T18:06:41","date_gmt":"2018-11-23T18:06:41","guid":{"rendered":"https:\/\/www.aquitania.net\/politica-de-cookies\/"},"modified":"2022-04-21T12:53:17","modified_gmt":"2022-04-21T12:53:17","slug":"politica-de-cookies","status":"publish","type":"page","link":"https:\/\/quesada.aquitania.net\/fr\/politica-de-cookies\/","title":{"rendered":"Politique de cookies"},"content":{"rendered":"\n<p>Algunas cookies aseguran que ciertas partes de la web funcionen correctamente y que tus preferencias de usuario sigan record\u00e1ndose. Al colocar cookies funcionales, te facilitamos la visita a nuestra web. De esta manera, no necesitas introducir repetidamente la misma informaci\u00f3n cuando visitas nuestra web y, por ejemplo, los art\u00edculos permanecen en tu cesta de la compra hasta que hayas pagado. Podemos colocar estas cookies sin tu consentimiento.<\/p>\n\n\n\n<p><strong>1. Cookies de Marketing\/Seguimiento<\/strong><\/p>\n\n\n\n<p>Las cookies de marketing\/seguimiento son cookies, o cualquier otra forma de almacenamiento local, usadas para crear perfiles de usuario para mostrar publicidad o para hacer el seguimiento del usuario en esta web o en varias webs con fines de marketing similares.<\/p>\n\n\n\n<p><strong>2. Cookies usadas<\/strong><\/p>\n\n\n\n<p>Google Maps<\/p>\n\n\n\n<p><strong>3. Consentimiento<\/strong><\/p>\n\n\n\n<p>Cuando visites nuestra web por primera vez, te mostraremos una ventana emergente con una explicaci\u00f3n sobre las cookies. Tan pronto como hagas clic en \u00abGuardar preferencias\u00bb, aceptas que usemos las categor\u00edas de cookies y plugins que has seleccionado en la ventana emergente, tal y como se describe en esta pol\u00edtica de cookies. Puedes desactivar el uso de cookies a trav\u00e9s de tu navegador, pero, por favor, ten en cuenta que nuestra web puede dejar de funcionar correctamente.<\/p>\n\n\n\n<p><strong>4. Tus derechos con respecto a los datos personales<\/strong><\/p>\n\n\n\n<p>Tienes los siguientes derechos con respecto a tus datos personales:<\/p>\n\n\n\n<p>\u2022 Tiene derecho a saber por qu\u00e9 se necesitan tus datos personales, qu\u00e9 suceder\u00e1 con ellos y durante cu\u00e1nto tiempo se conservar\u00e1n.<br>\u2022 Derecho de acceso: tienes derecho a acceder a tus datos personales que conocemos.<br>\u2022 Derecho de rectificaci\u00f3n: tienes derecho a completar, rectificar, borrar o bloquear tus datos personales cuando lo desees.<br>\u2022 Si nos das tu consentimiento para procesar tus datos, tienes derecho a revocar dicho consentimiento y a que se eliminen tus datos personales.<br>\u2022 Derecho de cesi\u00f3n de tus datos: tienes derecho a solicitar todos tus datos personales al responsable del tratamiento y a transferirlos \u00edntegramente a otro responsable del tratamiento.<br>\u2022 Derecho de oposici\u00f3n: puedes oponerte al tratamiento de tus datos. Nosotros cumplimos con esto, a menos que existan motivos justificados para el procesamiento.<\/p>\n\n\n\n<p>Para ejercer estos derechos, por favor, contacta con nosotros. Por favor, consulta los detalles de contacto en la parte inferior de esta pol\u00edtica de cookies. Si tienes alguna queja sobre c\u00f3mo gestionamos tus datos, nos gustar\u00eda que nos la hicieras saber, pero tambi\u00e9n tienes derecho a enviar una queja a la autoridad supervisora (la autoridad de protecci\u00f3n de datos).<\/p>\n\n\n\n<p><strong>5. Activaci\u00f3n\/desactivaci\u00f3n y eliminaci\u00f3n de cookies<\/strong><\/p>\n\n\n\n<p>Puedes utilizar tu navegador de Internet para eliminar las cookies de forma autom\u00e1tica o manual. Tambi\u00e9n puedes especificar que ciertas cookies no pueden ser colocadas. Otra opci\u00f3n es cambiar los ajustes de tu navegador de Internet para que recibas un mensaje cada vez que se coloca una cookie. Para obtener m\u00e1s informaci\u00f3n sobre estas opciones, consulta las instrucciones de la secci\u00f3n \u00abAyuda\u00bb de tu navegador.<\/p>\n\n\n\n<p>Ten en cuenta que nuestra web puede no funcionar correctamente si todas las cookies est\u00e1n desactivadas. Si borras las cookies de tu navegador, se volver\u00e1n a colocar despu\u00e9s de tu consentimiento cuando vuelvas a visitar nuestras webs.<\/p>\n\n\n\n<p><strong>6. Datos de contacto<\/strong><\/p>\n\n\n\n<p>Para preguntas y\/o comentarios sobre nuestra pol\u00edtica de cookies y esta declaraci\u00f3n, por favor, contacta con nosotros usando los siguientes datos de contacto:<\/p>\n\n\n\n<p>AV. CAP DE CAVALLERIA,7 07714, MAO (ILLES BALEARS)<br>Espa\u00f1a<br>Web: https:\/\/aquitania.net<br>Correo electr\u00f3nico: aquitania@aquitania.net<\/p>\n","protected":false},"excerpt":{"rendered":"<p>Algunas cookies aseguran que ciertas partes de la web funcionen correctamente y que tus preferencias de usuario sigan record\u00e1ndose. Al colocar cookies funcionales, te facilitamos la visita a nuestra web. De esta manera, no necesitas introducir repetidamente la misma informaci\u00f3n cuando visitas nuestra web y, por ejemplo, los art\u00edculos permanecen en tu cesta de la [&hellip;]<\/p>\n","protected":false},"author":1,"featured_media":0,"parent":0,"menu_order":0,"comment_status":"closed","ping_status":"closed","template":"","meta":[],"categories":[],"tags":[],"acf":[],"_links":{"self":[{"href":"https:\/\/quesada.aquitania.net\/fr\/wp-json\/wp\/v2\/pages\/1788"}],"collection":[{"href":"https:\/\/quesada.aquitania.net\/fr\/wp-json\/wp\/v2\/pages"}],"about":[{"href":"https:\/\/quesada.aquitania.net\/fr\/wp-json\/wp\/v2\/types\/page"}],"author":[{"embeddable":true,"href":"https:\/\/quesada.aquitania.net\/fr\/wp-json\/wp\/v2\/users\/1"}],"replies":[{"embeddable":true,"href":"https:\/\/quesada.aquitania.net\/fr\/wp-json\/wp\/v2\/comments?post=1788"}],"version-history":[{"count":7,"href":"https:\/\/quesada.aquitania.net\/fr\/wp-json\/wp\/v2\/pages\/1788\/revisions"}],"predecessor-version":[{"id":2379,"href":"https:\/\/quesada.aquitania.net\/fr\/wp-json\/wp\/v2\/pages\/1788\/revisions\/2379"}],"wp:attachment":[{"href":"https:\/\/quesada.aquitania.net\/fr\/wp-json\/wp\/v2\/media?parent=1788"}],"wp:term":[{"taxonomy":"category","embeddable":true,"href":"https:\/\/quesada.aquitania.net\/fr\/wp-json\/wp\/v2\/categories?post=1788"},{"taxonomy":"post_tag","embeddable":true,"href":"https:\/\/quesada.aquitania.net\/fr\/wp-json\/wp\/v2\/tags?post=1788"}],"curies":[{"name":"wp","href":"https:\/\/api.w.org\/{rel}","templated":true}]}}