{"id":1791,"date":"2018-11-23T18:07:43","date_gmt":"2018-11-23T18:07:43","guid":{"rendered":"https:\/\/www.aquitania.net\/politica-de-privacitat\/"},"modified":"2022-04-21T07:52:37","modified_gmt":"2022-04-21T07:52:37","slug":"politica-de-privacitat","status":"publish","type":"page","link":"https:\/\/quesada.aquitania.net\/fr\/politica-de-privacitat\/","title":{"rendered":"Politique de confidentialit\u00e9"},"content":{"rendered":"\n<p>De conformidad con lo establecido en la normativa vigente en Protecci\u00f3n de Datos de Car\u00e1cter Personal, le informamos que sus datos ser\u00e1n incorporados al sistema de tratamiento titularidad de AQUITANIA MOBLES SL con CIF B57243867 y domicilio social sito en AV. CAP DE CAVALLERIA,7 07714, MAO (ILLES BALEARS), con la finalidad de atender sus consultas.&nbsp;<\/p>\n\n\n\n<p>En cumplimiento con la normativa vigente, AQUITANIA MOBLES SL informa que los datos ser\u00e1n conservados durante el plazo estrictamente necesario para cumplir con los preceptos mencionados con anterioridad. Asimismo le informamos que el tratamiento indicado en el p\u00e1rrafo anterior tratamos sus datos conforme a la existencia de su consentimiento. AQUITANIA MOBLES SL informa que proceder\u00e1 a tratar los datos de manera l\u00edcita, leal, transparente, adecuada, pertinente, limitada, exacta y actualizada. Es por ello que AQUITANIA MOBLES SL se compromete a adoptar todas las medidas razonables para que estos se supriman o rectifiquen sin dilaci\u00f3n cuando sean inexactos.&nbsp;<\/p>\n\n\n\n<p>De acuerdo con los derechos que le confiere el la normativa vigente en protecci\u00f3n de datos podr\u00e1 ejercer los derechos de acceso, rectificaci\u00f3n, limitaci\u00f3n de tratamiento, supresi\u00f3n, portabilidad y oposici\u00f3n al tratamiento de sus datos de car\u00e1cter personal as\u00ed como del consentimiento prestado para el tratamiento de los mismos, dirigiendo su petici\u00f3n a la direcci\u00f3n postal indicada m\u00e1s arriba o al correo electr\u00f3nico AQUITANIA@AQUITANIA.NET.<\/p>\n\n\n\n<p>Le informamos que podr\u00e1 revocar en cualquier momento el consentimiento prestado a la recepci\u00f3n de comunicaciones comerciales enviando un e-mail a la direcci\u00f3n de correo electr\u00f3nico: AQUITANIA@AQUITANIA.NET. Podr\u00e1 dirigirse a la Autoridad de Control competente para presentar la reclamaci\u00f3n que considere oportuna. El env\u00edo de estos datos implica la aceptaci\u00f3n de esta cl\u00e1usula.<\/p>\n","protected":false},"excerpt":{"rendered":"<p>De conformidad con lo establecido en la normativa vigente en Protecci\u00f3n de Datos de Car\u00e1cter Personal, le informamos que sus datos ser\u00e1n incorporados al sistema de tratamiento titularidad de AQUITANIA MOBLES SL con CIF B57243867 y domicilio social sito en AV. CAP DE CAVALLERIA,7 07714, MAO (ILLES BALEARS), con la finalidad de atender sus consultas.&nbsp; [&hellip;]<\/p>\n","protected":false},"author":1,"featured_media":0,"parent":0,"menu_order":0,"comment_status":"closed","ping_status":"closed","template":"","meta":[],"categories":[],"tags":[],"acf":[],"_links":{"self":[{"href":"https:\/\/quesada.aquitania.net\/fr\/wp-json\/wp\/v2\/pages\/1791"}],"collection":[{"href":"https:\/\/quesada.aquitania.net\/fr\/wp-json\/wp\/v2\/pages"}],"about":[{"href":"https:\/\/quesada.aquitania.net\/fr\/wp-json\/wp\/v2\/types\/page"}],"author":[{"embeddable":true,"href":"https:\/\/quesada.aquitania.net\/fr\/wp-json\/wp\/v2\/users\/1"}],"replies":[{"embeddable":true,"href":"https:\/\/quesada.aquitania.net\/fr\/wp-json\/wp\/v2\/comments?post=1791"}],"version-history":[{"count":3,"href":"https:\/\/quesada.aquitania.net\/fr\/wp-json\/wp\/v2\/pages\/1791\/revisions"}],"predecessor-version":[{"id":2370,"href":"https:\/\/quesada.aquitania.net\/fr\/wp-json\/wp\/v2\/pages\/1791\/revisions\/2370"}],"wp:attachment":[{"href":"https:\/\/quesada.aquitania.net\/fr\/wp-json\/wp\/v2\/media?parent=1791"}],"wp:term":[{"taxonomy":"category","embeddable":true,"href":"https:\/\/quesada.aquitania.net\/fr\/wp-json\/wp\/v2\/categories?post=1791"},{"taxonomy":"post_tag","embeddable":true,"href":"https:\/\/quesada.aquitania.net\/fr\/wp-json\/wp\/v2\/tags?post=1791"}],"curies":[{"name":"wp","href":"https:\/\/api.w.org\/{rel}","templated":true}]}}